{"id":31,"date":"2026-02-05T11:53:51","date_gmt":"2026-02-05T10:53:51","guid":{"rendered":"https:\/\/nrs.kreativa.dev\/en\/?page_id=31"},"modified":"2026-02-05T11:53:52","modified_gmt":"2026-02-05T10:53:52","slug":"services","status":"publish","type":"page","link":"https:\/\/nrs.kreativa.dev\/en\/services\/","title":{"rendered":"Services"},"content":{"rendered":"\n<div class=\"wp-block-group is-style-no-padding has-beige-background-color has-background is-layout-constrained wp-block-group-is-layout-constrained\" style=\"padding-top:0px;padding-bottom:0px\"><div class=\"hero-space stripes-bottom\">\n\t<div class=\"row\">\n\t\t<div class=\"col-md-6 col-sm-12\">\n\t\t\t<div class=\"content-container\" data-aos=\"fade-up\">\n\t\t\t\t\t\t\t<div class=\"subtitle\">tj\u00e4nster v\u00e4gs\u00e4kerhet<\/div>\n\t\t\t\t\t\t\t\t<h1>Nyttja v\u00e5r kunskap<\/h1>\n\t\t\t\t\t\t\t\t<p class=\"preamble\">Lorem ipsum dolor sit amet, consectetur adipiscing elit, sed do eiusmod tempor incididunt ut labore et dolore magna aliqua. Ut enim ad minim veniam.<\/p>\n\t\t\t\t\t\t\t<\/div>\n\t\t<\/div>\n\t\t<div class=\"col-md-6 col-sm-12\">\n\t\t\t\t\t\t\t<figure>\n\t\t\t\t\t\t\t\t\t<\/figure>\n\t\t\t\t\t\t<\/div>\n\t<\/div>\n<\/div>\n<\/div>\n\n\n\n<div class=\"wp-block-group is-layout-constrained wp-block-group-is-layout-constrained\"><div class=\"imgtext \" data-aos=\"fade-up\">\n\n\t<div class=\"container\">\n\t\t<div class=\"row\">\n\t\t\t<div class=\"col-sm-6 col-xs-12\">\n\t\t\t\t\t\t\t\t\t<figure>\n\t\t\t\t\t\t\t\t\t\t\t<\/figure>\n\t\t\t\t\n\t\t\t<\/div>\n\t\t\t<div class=\"col-sm-6 col-xs-12\">\n\n<div>\n\t\t\t\t\t\t\t\t\t<h2>Montage<\/h2>\n\t\t\t\t\n\t\t\t\t\t\t\t\t\t<p>Lorem ipsum dolor sit amet, consectetur adipiscing elit, sed do eiusmod tempor incididunt ut labore et dolore magna aliqua. Ut enim ad minim veniam, quis nostrud exercitation ullamco laboris nisi ut aliquip ex ea commodo consequat. Duis aute irure dolor in reprehenderit in voluptate velit esse cillum dolore eu fugiat nulla pariatur.<\/p>\n\t\t\t\t\n\t\t\t\t\t\t\t\t\t<div class=\"btn-container\">\n\t\t\t\t\t\t<a target=\"_blank\" href=\"#\" class=\"btn transparent\">L\u00e4s mer<\/a>\n\t\t\t\t\t<\/div>\n\t\t\t\t\t\t\t\t<\/div>\n\t\t\t<\/div>\n\t\t<\/div>\n\t<\/div>\n<\/div>\n<\/div>\n\n\n\n<div class=\"wp-block-group has-beige-background-color has-background is-layout-constrained wp-block-group-is-layout-constrained\"><div class=\"imgtext right\" data-aos=\"fade-up\">\n\n\t<div class=\"container\">\n\t\t<div class=\"row\">\n\t\t\t<div class=\"col-sm-6 col-xs-12\">\n\t\t\t\t\t\t\t\t\t<figure>\n\t\t\t\t\t\t\t\t\t\t\t<\/figure>\n\t\t\t\t\n\t\t\t<\/div>\n\t\t\t<div class=\"col-sm-6 col-xs-12\">\n\n<div>\n\t\t\t\t\t\t\t\t\t<h2>Konsult<\/h2>\n\t\t\t\t\n\t\t\t\t\t\t\t\t\t<p>Lorem ipsum dolor sit amet, consectetur adipiscing elit, sed do eiusmod tempor incididunt ut labore et dolore magna aliqua. Ut enim ad minim veniam, quis nostrud exercitation ullamco laboris nisi ut aliquip ex ea commodo consequat. Duis aute irure dolor in reprehenderit in voluptate velit esse cillum dolore eu fugiat nulla pariatur.<\/p>\n\t\t\t\t\n\t\t\t\t\t\t\t\t\t<div class=\"btn-container\">\n\t\t\t\t\t\t<a target=\"_blank\" href=\"#\" class=\"btn transparent\">L\u00e4s mer<\/a>\n\t\t\t\t\t<\/div>\n\t\t\t\t\t\t\t\t<\/div>\n\t\t\t<\/div>\n\t\t<\/div>\n\t<\/div>\n<\/div>\n<\/div>\n\n\n\n<div class=\"wp-block-group is-layout-constrained wp-block-group-is-layout-constrained\"><div class=\"imgtext \" data-aos=\"fade-up\">\n\n\t<div class=\"container\">\n\t\t<div class=\"row\">\n\t\t\t<div class=\"col-sm-6 col-xs-12\">\n\t\t\t\t\t\t\t\t\t<figure>\n\t\t\t\t\t\t\t\t\t\t\t<\/figure>\n\t\t\t\t\n\t\t\t<\/div>\n\t\t\t<div class=\"col-sm-6 col-xs-12\">\n\n<div>\n\t\t\t\t\t\t\t\t\t<h2>Kontroll<\/h2>\n\t\t\t\t\n\t\t\t\t\t\t\t\t\t<p>Lorem ipsum dolor sit amet, consectetur adipiscing elit, sed do eiusmod tempor incididunt ut labore et dolore magna aliqua. Ut enim ad minim veniam, quis nostrud exercitation ullamco laboris nisi ut aliquip ex ea commodo consequat. Duis aute irure dolor in reprehenderit in voluptate velit esse cillum dolore eu fugiat nulla pariatur.<\/p>\n\t\t\t\t\n\t\t\t\t\t\t\t\t\t<div class=\"btn-container\">\n\t\t\t\t\t\t<a target=\"_blank\" href=\"#\" class=\"btn transparent\">L\u00e4s mer<\/a>\n\t\t\t\t\t<\/div>\n\t\t\t\t\t\t\t\t<\/div>\n\t\t\t<\/div>\n\t\t<\/div>\n\t<\/div>\n<\/div>\n<\/div>\n\n\n\n<div class=\"wp-block-group has-beige-background-color has-background is-layout-constrained wp-block-group-is-layout-constrained\"><div class=\"imgtext right\" data-aos=\"fade-up\">\n\n\t<div class=\"container\">\n\t\t<div class=\"row\">\n\t\t\t<div class=\"col-sm-6 col-xs-12\">\n\t\t\t\t\t\t\t\t\t<figure>\n\t\t\t\t\t\t\t\t\t\t\t<\/figure>\n\t\t\t\t\n\t\t\t<\/div>\n\t\t\t<div class=\"col-sm-6 col-xs-12\">\n\n<div>\n\t\t\t\t\t\t\t\t\t<h2>Kontroll<\/h2>\n\t\t\t\t\n\t\t\t\t\t\t\t\t\t<p>Lorem ipsum dolor sit amet, consectetur adipiscing elit, sed do eiusmod tempor incididunt ut labore et dolore magna aliqua. Ut enim ad minim veniam, quis nostrud exercitation ullamco laboris nisi ut aliquip ex ea commodo consequat. Duis aute irure dolor in reprehenderit in voluptate velit esse cillum dolore eu fugiat nulla pariatur.<\/p>\n\t\t\t\t\n\t\t\t\t\t\t\t\t\t<div class=\"btn-container\">\n\t\t\t\t\t\t<a target=\"_blank\" href=\"#\" class=\"btn transparent\">L\u00e4s mer<\/a>\n\t\t\t\t\t<\/div>\n\t\t\t\t\t\t\t\t<\/div>\n\t\t\t<\/div>\n\t\t<\/div>\n\t<\/div>\n<\/div>\n<\/div>\n","protected":false},"excerpt":{"rendered":"","protected":false},"author":1,"featured_media":0,"parent":0,"menu_order":0,"comment_status":"closed","ping_status":"closed","template":"","meta":{"_acf_changed":false,"editor_notices":[],"footnotes":""},"class_list":["post-31","page","type-page","status-publish","hentry"],"acf":[],"_links":{"self":[{"href":"https:\/\/nrs.kreativa.dev\/en\/wp-json\/wp\/v2\/pages\/31","targetHints":{"allow":["GET"]}}],"collection":[{"href":"https:\/\/nrs.kreativa.dev\/en\/wp-json\/wp\/v2\/pages"}],"about":[{"href":"https:\/\/nrs.kreativa.dev\/en\/wp-json\/wp\/v2\/types\/page"}],"author":[{"embeddable":true,"href":"https:\/\/nrs.kreativa.dev\/en\/wp-json\/wp\/v2\/users\/1"}],"replies":[{"embeddable":true,"href":"https:\/\/nrs.kreativa.dev\/en\/wp-json\/wp\/v2\/comments?post=31"}],"version-history":[{"count":1,"href":"https:\/\/nrs.kreativa.dev\/en\/wp-json\/wp\/v2\/pages\/31\/revisions"}],"predecessor-version":[{"id":32,"href":"https:\/\/nrs.kreativa.dev\/en\/wp-json\/wp\/v2\/pages\/31\/revisions\/32"}],"wp:attachment":[{"href":"https:\/\/nrs.kreativa.dev\/en\/wp-json\/wp\/v2\/media?parent=31"}],"curies":[{"name":"wp","href":"https:\/\/api.w.org\/{rel}","templated":true}]}}